{"id":1196,"date":"2021-01-27T04:22:45","date_gmt":"2021-01-27T04:22:45","guid":{"rendered":"https:\/\/casafoa.com\/sitio\/?page_id=1196"},"modified":"2022-07-06T00:46:11","modified_gmt":"2022-07-06T00:46:11","slug":"profesionales","status":"publish","type":"page","link":"https:\/\/casafoa.com\/sitio\/profesionales","title":{"rendered":"Profesionales"},"content":{"rendered":"<!--themify_builder_content-->\n<div id=\"themify_builder_content-1196\" data-postid=\"1196\" class=\"themify_builder_content themify_builder_content-1196 themify_builder tf_clear\">\n                    <div  data-lazy=\"1\" class=\"module_row themify_builder_row tb_dx8e2 tb_first tf_w\">\n                        <div class=\"row_inner col_align_top tb_col_count_1 tf_box tf_rel\">\n                        <div  data-lazy=\"1\" class=\"module_column tb-column col-full tb_2w2v5 first\">\n                    <!-- module text -->\n<div  class=\"module module-text tb_acqo140  repeat \" data-lazy=\"1\">\n        <div  class=\"tb_text_wrap\">\n        <h4 style=\"text-align: center;\">C\u00f3mo Participar<\/h4>\n<h1 style=\"text-align: center;\">Profesionales<\/h1>\n<div style=\"text-align: center;\">\n<div>Casa FOA es la exposici\u00f3n de dise\u00f1o e interiorismo de referencia en Argentina por la calidad de sus exposiciones y por la audiencia masiva de dise\u00f1o que la siguen. Destacados dise\u00f1adores, arquitectos, paisajistas y artistas estuvieron presentes en Casa FOA a lo largo de sus 35 a\u00f1os.<\/div>\n<p>Si te interesa participar con un espacio o conocer m\u00e1s de nuestra propuesta para profesionales, completa el formulario y nos pondremos en contacto.\u00a0<\/p>\n<\/div>    <\/div>\n<\/div>\n<!-- \/module text -->        <\/div>\n                        <\/div>\n        <\/div>\n                        <div  data-lazy=\"1\" class=\"module_row themify_builder_row tb_zctt306 tf_w\">\n                        <div class=\"row_inner col_align_top tb_col_count_1 tf_box tf_rel\">\n                        <div  data-lazy=\"1\" class=\"module_column tb-column col-full tb_hm6j308 first\">\n                    <!-- module plain text -->\n<div  class=\"module module-plain-text tb_kk0q265 boton-verde\" data-lazy=\"1\">\n        <div class=\"tb_text_wrap\">\n    \n<div class=\"wpcf7 no-js\" id=\"wpcf7-f1429-o1\" lang=\"es-AR\" dir=\"ltr\">\n<div class=\"screen-reader-response\"><p role=\"status\" aria-live=\"polite\" aria-atomic=\"true\"><\/p> <ul><\/ul><\/div>\n<form action=\"\/sitio\/wp-json\/wp\/v2\/pages\/1196#wpcf7-f1429-o1\" method=\"post\" class=\"wpcf7-form init\" aria-label=\"Contact form\" novalidate=\"novalidate\" data-status=\"init\">\n<div style=\"display: none;\">\n<input type=\"hidden\" name=\"_wpcf7\" value=\"1429\" \/>\n<input type=\"hidden\" name=\"_wpcf7_version\" value=\"5.9.5\" \/>\n<input type=\"hidden\" name=\"_wpcf7_locale\" value=\"es_AR\" \/>\n<input type=\"hidden\" name=\"_wpcf7_unit_tag\" value=\"wpcf7-f1429-o1\" \/>\n<input type=\"hidden\" name=\"_wpcf7_container_post\" value=\"0\" \/>\n<input type=\"hidden\" name=\"_wpcf7_posted_data_hash\" value=\"\" \/>\n<input type=\"hidden\" name=\"_wpcf7_recaptcha_response\" value=\"\" \/>\n<\/div>\n<p><label> Nombre<br \/>\n<span class=\"wpcf7-form-control-wrap\" data-name=\"your-name\"><input size=\"40\" class=\"wpcf7-form-control wpcf7-text wpcf7-validates-as-required\" aria-required=\"true\" aria-invalid=\"false\" value=\"\" type=\"text\" name=\"your-name\" \/><\/span> <\/label>\n<\/p>\n<p><label> Apellido<br \/>\n<span class=\"wpcf7-form-control-wrap\" data-name=\"your-lastname\"><input size=\"40\" class=\"wpcf7-form-control wpcf7-text wpcf7-validates-as-required\" aria-required=\"true\" aria-invalid=\"false\" value=\"\" type=\"text\" name=\"your-lastname\" \/><\/span> <\/label>\n<\/p>\n<p><label> Nombre Comercial<br \/>\n<span class=\"wpcf7-form-control-wrap\" data-name=\"your-company\"><input size=\"40\" class=\"wpcf7-form-control wpcf7-text wpcf7-validates-as-required\" aria-required=\"true\" aria-invalid=\"false\" value=\"\" type=\"text\" name=\"your-company\" \/><\/span> <\/label>\n<\/p>\n<p><label> Especialidad<br \/>\n<span class=\"wpcf7-form-control-wrap\" data-name=\"your-expertise\"><select class=\"wpcf7-form-control wpcf7-select\" aria-invalid=\"false\" name=\"your-expertise\"><option value=\"Dise\u00f1ador\/a de interiores\">Dise\u00f1ador\/a de interiores<\/option><option value=\"Arquitecto\/a\">Arquitecto\/a<\/option><option value=\"Paisajista\">Paisajista<\/option><option value=\"Artista\">Artista<\/option><\/select><\/span> <\/label>\n<\/p>\n<p><label> E-mail<br \/>\n<span class=\"wpcf7-form-control-wrap\" data-name=\"your-email\"><input size=\"40\" class=\"wpcf7-form-control wpcf7-email wpcf7-validates-as-required wpcf7-text wpcf7-validates-as-email\" aria-required=\"true\" aria-invalid=\"false\" value=\"\" type=\"email\" name=\"your-email\" \/><\/span> <\/label>\n<\/p>\n<p><label> Sitio Web<br \/>\n<span class=\"wpcf7-form-control-wrap\" data-name=\"your-website\"><input size=\"40\" class=\"wpcf7-form-control wpcf7-text wpcf7-validates-as-required\" aria-required=\"true\" aria-invalid=\"false\" value=\"\" type=\"text\" name=\"your-website\" \/><\/span> <\/label>\n<\/p>\n<p><label> Tel\u00e9fono<br \/>\n<span class=\"wpcf7-form-control-wrap\" data-name=\"your-phone\"><input size=\"40\" class=\"wpcf7-form-control wpcf7-tel wpcf7-text wpcf7-validates-as-tel\" aria-invalid=\"false\" value=\"\" type=\"tel\" name=\"your-phone\" \/><\/span> <\/label>\n<\/p>\n<p><label> Consulta<br \/>\n<span class=\"wpcf7-form-control-wrap\" data-name=\"your-message\"><textarea cols=\"40\" rows=\"10\" class=\"wpcf7-form-control wpcf7-textarea\" aria-invalid=\"false\" name=\"your-message\"><\/textarea><\/span> <\/label>\n<\/p>\n<p><input class=\"wpcf7-form-control wpcf7-submit has-spinner\" type=\"submit\" value=\"Enviar\" \/>\n<\/p><div class=\"wpcf7-response-output\" aria-hidden=\"true\"><\/div>\n<\/form>\n<\/div>\n    <\/div>\n<\/div>\n<!-- \/module plain text -->        <\/div>\n                        <\/div>\n        <\/div>\n        <\/div>\n<!--\/themify_builder_content-->","protected":false},"excerpt":{"rendered":"<p>C\u00f3mo Participar Profesionales Casa FOA es la exposici\u00f3n de dise\u00f1o e interiorismo de referencia en Argentina por la calidad de sus exposiciones y por la audiencia masiva de dise\u00f1o que la siguen. Destacados dise\u00f1adores, arquitectos, paisajistas y artistas estuvieron presentes en Casa FOA a lo largo de sus 35 a\u00f1os. Si te interesa participar con [&hellip;]<\/p>\n","protected":false},"author":6,"featured_media":0,"parent":0,"menu_order":0,"comment_status":"closed","ping_status":"closed","template":"","meta":{"inline_featured_image":false,"footnotes":""},"yoast_head":"<!-- This site is optimized with the Yoast SEO plugin v22.8 - https:\/\/yoast.com\/wordpress\/plugins\/seo\/ -->\n<title>Profesionales &#8212; Casa FOA<\/title>\n<meta name=\"robots\" content=\"index, follow, max-snippet:-1, max-image-preview:large, max-video-preview:-1\" \/>\n<link rel=\"canonical\" href=\"https:\/\/casafoa.com\/sitio\/profesionales\" \/>\n<meta property=\"og:locale\" content=\"en_US\" \/>\n<meta property=\"og:type\" content=\"article\" \/>\n<meta property=\"og:title\" content=\"Profesionales &#8212; Casa FOA\" \/>\n<meta property=\"og:description\" content=\"C\u00f3mo Participar Profesionales Casa FOA es la exposici\u00f3n de dise\u00f1o e interiorismo de referencia en Argentina por la calidad de sus exposiciones y por la audiencia masiva de dise\u00f1o que la siguen. Destacados dise\u00f1adores, arquitectos, paisajistas y artistas estuvieron presentes en Casa FOA a lo largo de sus 35 a\u00f1os. Si te interesa participar con [&hellip;]\" \/>\n<meta property=\"og:url\" content=\"https:\/\/casafoa.com\/sitio\/profesionales\" \/>\n<meta property=\"og:site_name\" content=\"Casa FOA\" \/>\n<meta property=\"article:publisher\" content=\"https:\/\/www.facebook.com\/casafoa\" \/>\n<meta property=\"article:modified_time\" content=\"2022-07-06T00:46:11+00:00\" \/>\n<meta property=\"og:image\" content=\"https:\/\/casafoa.com\/sitio\/wp-content\/uploads\/2024\/04\/cordoba2024_og.png\" \/>\n\t<meta property=\"og:image:width\" content=\"1200\" \/>\n\t<meta property=\"og:image:height\" content=\"630\" \/>\n\t<meta property=\"og:image:type\" content=\"image\/png\" \/>\n<meta name=\"twitter:card\" content=\"summary_large_image\" \/>\n<script type=\"application\/ld+json\" class=\"yoast-schema-graph\">{\"@context\":\"https:\/\/schema.org\",\"@graph\":[{\"@type\":\"WebPage\",\"@id\":\"https:\/\/casafoa.com\/sitio\/profesionales\",\"url\":\"https:\/\/casafoa.com\/sitio\/profesionales\",\"name\":\"Profesionales &#8212; Casa FOA\",\"isPartOf\":{\"@id\":\"https:\/\/casafoa.com\/sitio\/#website\"},\"datePublished\":\"2021-01-27T04:22:45+00:00\",\"dateModified\":\"2022-07-06T00:46:11+00:00\",\"breadcrumb\":{\"@id\":\"https:\/\/casafoa.com\/sitio\/profesionales#breadcrumb\"},\"inLanguage\":\"en\",\"potentialAction\":[{\"@type\":\"ReadAction\",\"target\":[\"https:\/\/casafoa.com\/sitio\/profesionales\"]}]},{\"@type\":\"BreadcrumbList\",\"@id\":\"https:\/\/casafoa.com\/sitio\/profesionales#breadcrumb\",\"itemListElement\":[{\"@type\":\"ListItem\",\"position\":1,\"name\":\"Inicio\",\"item\":\"https:\/\/casafoa.com\/sitio\/\"},{\"@type\":\"ListItem\",\"position\":2,\"name\":\"Profesionales\"}]},{\"@type\":\"WebSite\",\"@id\":\"https:\/\/casafoa.com\/sitio\/#website\",\"url\":\"https:\/\/casafoa.com\/sitio\/\",\"name\":\"Casa FOA\",\"description\":\"Espacio de Dise&ntilde;o\",\"publisher\":{\"@id\":\"https:\/\/casafoa.com\/sitio\/#organization\"},\"potentialAction\":[{\"@type\":\"SearchAction\",\"target\":{\"@type\":\"EntryPoint\",\"urlTemplate\":\"https:\/\/casafoa.com\/sitio\/?s={search_term_string}\"},\"query-input\":\"required name=search_term_string\"}],\"inLanguage\":\"en\"},{\"@type\":\"Organization\",\"@id\":\"https:\/\/casafoa.com\/sitio\/#organization\",\"name\":\"Casa FOA\",\"url\":\"https:\/\/casafoa.com\/sitio\/\",\"logo\":{\"@type\":\"ImageObject\",\"inLanguage\":\"en\",\"@id\":\"https:\/\/casafoa.com\/sitio\/#\/schema\/logo\/image\/\",\"url\":\"https:\/\/casafoa.com\/sitio\/wp-content\/uploads\/2021\/01\/casafoa_logo_cms.svg\",\"contentUrl\":\"https:\/\/casafoa.com\/sitio\/wp-content\/uploads\/2021\/01\/casafoa_logo_cms.svg\",\"width\":320,\"height\":287,\"caption\":\"Casa FOA\"},\"image\":{\"@id\":\"https:\/\/casafoa.com\/sitio\/#\/schema\/logo\/image\/\"},\"sameAs\":[\"https:\/\/www.facebook.com\/casafoa\",\"https:\/\/www.instagram.com\/casafoa\/\",\"https:\/\/www.youtube.com\/user\/casafoatv\"]}]}<\/script>\n<!-- \/ Yoast SEO plugin. -->","yoast_head_json":{"title":"Profesionales &#8212; Casa FOA","robots":{"index":"index","follow":"follow","max-snippet":"max-snippet:-1","max-image-preview":"max-image-preview:large","max-video-preview":"max-video-preview:-1"},"canonical":"https:\/\/casafoa.com\/sitio\/profesionales","og_locale":"en_US","og_type":"article","og_title":"Profesionales &#8212; Casa FOA","og_description":"C\u00f3mo Participar Profesionales Casa FOA es la exposici\u00f3n de dise\u00f1o e interiorismo de referencia en Argentina por la calidad de sus exposiciones y por la audiencia masiva de dise\u00f1o que la siguen. Destacados dise\u00f1adores, arquitectos, paisajistas y artistas estuvieron presentes en Casa FOA a lo largo de sus 35 a\u00f1os. Si te interesa participar con [&hellip;]","og_url":"https:\/\/casafoa.com\/sitio\/profesionales","og_site_name":"Casa FOA","article_publisher":"https:\/\/www.facebook.com\/casafoa","article_modified_time":"2022-07-06T00:46:11+00:00","og_image":[{"width":1200,"height":630,"url":"https:\/\/casafoa.com\/sitio\/wp-content\/uploads\/2024\/04\/cordoba2024_og.png","type":"image\/png"}],"twitter_card":"summary_large_image","schema":{"@context":"https:\/\/schema.org","@graph":[{"@type":"WebPage","@id":"https:\/\/casafoa.com\/sitio\/profesionales","url":"https:\/\/casafoa.com\/sitio\/profesionales","name":"Profesionales &#8212; Casa FOA","isPartOf":{"@id":"https:\/\/casafoa.com\/sitio\/#website"},"datePublished":"2021-01-27T04:22:45+00:00","dateModified":"2022-07-06T00:46:11+00:00","breadcrumb":{"@id":"https:\/\/casafoa.com\/sitio\/profesionales#breadcrumb"},"inLanguage":"en","potentialAction":[{"@type":"ReadAction","target":["https:\/\/casafoa.com\/sitio\/profesionales"]}]},{"@type":"BreadcrumbList","@id":"https:\/\/casafoa.com\/sitio\/profesionales#breadcrumb","itemListElement":[{"@type":"ListItem","position":1,"name":"Inicio","item":"https:\/\/casafoa.com\/sitio\/"},{"@type":"ListItem","position":2,"name":"Profesionales"}]},{"@type":"WebSite","@id":"https:\/\/casafoa.com\/sitio\/#website","url":"https:\/\/casafoa.com\/sitio\/","name":"Casa FOA","description":"Espacio de Dise&ntilde;o","publisher":{"@id":"https:\/\/casafoa.com\/sitio\/#organization"},"potentialAction":[{"@type":"SearchAction","target":{"@type":"EntryPoint","urlTemplate":"https:\/\/casafoa.com\/sitio\/?s={search_term_string}"},"query-input":"required name=search_term_string"}],"inLanguage":"en"},{"@type":"Organization","@id":"https:\/\/casafoa.com\/sitio\/#organization","name":"Casa FOA","url":"https:\/\/casafoa.com\/sitio\/","logo":{"@type":"ImageObject","inLanguage":"en","@id":"https:\/\/casafoa.com\/sitio\/#\/schema\/logo\/image\/","url":"https:\/\/casafoa.com\/sitio\/wp-content\/uploads\/2021\/01\/casafoa_logo_cms.svg","contentUrl":"https:\/\/casafoa.com\/sitio\/wp-content\/uploads\/2021\/01\/casafoa_logo_cms.svg","width":320,"height":287,"caption":"Casa FOA"},"image":{"@id":"https:\/\/casafoa.com\/sitio\/#\/schema\/logo\/image\/"},"sameAs":["https:\/\/www.facebook.com\/casafoa","https:\/\/www.instagram.com\/casafoa\/","https:\/\/www.youtube.com\/user\/casafoatv"]}]}},"_links":{"self":[{"href":"https:\/\/casafoa.com\/sitio\/wp-json\/wp\/v2\/pages\/1196"}],"collection":[{"href":"https:\/\/casafoa.com\/sitio\/wp-json\/wp\/v2\/pages"}],"about":[{"href":"https:\/\/casafoa.com\/sitio\/wp-json\/wp\/v2\/types\/page"}],"author":[{"embeddable":true,"href":"https:\/\/casafoa.com\/sitio\/wp-json\/wp\/v2\/users\/6"}],"replies":[{"embeddable":true,"href":"https:\/\/casafoa.com\/sitio\/wp-json\/wp\/v2\/comments?post=1196"}],"version-history":[{"count":12,"href":"https:\/\/casafoa.com\/sitio\/wp-json\/wp\/v2\/pages\/1196\/revisions"}],"predecessor-version":[{"id":4594,"href":"https:\/\/casafoa.com\/sitio\/wp-json\/wp\/v2\/pages\/1196\/revisions\/4594"}],"wp:attachment":[{"href":"https:\/\/casafoa.com\/sitio\/wp-json\/wp\/v2\/media?parent=1196"}],"curies":[{"name":"wp","href":"https:\/\/api.w.org\/{rel}","templated":true}]}}