{"id":2235,"date":"2021-04-20T16:03:33","date_gmt":"2021-04-20T16:03:33","guid":{"rendered":"https:\/\/casafoa.com\/sitio\/?page_id=2235"},"modified":"2024-04-30T12:51:56","modified_gmt":"2024-04-30T12:51:56","slug":"prensa","status":"publish","type":"page","link":"https:\/\/casafoa.com\/sitio\/prensa","title":{"rendered":"Prensa"},"content":{"rendered":"<!--themify_builder_content-->\n<div id=\"themify_builder_content-2235\" data-postid=\"2235\" class=\"themify_builder_content themify_builder_content-2235 themify_builder tf_clear\">\n                    <div  data-css_id=\"0xgg9\" data-lazy=\"1\" class=\"module_row themify_builder_row fullwidth tb_0xgg9 tb_first tf_w\">\n                        <div class=\"row_inner col_align_top tb_col_count_3 tf_box tf_rel\">\n                        <div  data-lazy=\"1\" class=\"module_column tb-column col3-1 tb_tyft9 first\">\n                    <!-- module text -->\n<div  class=\"module module-text tb_asrj9   \" data-lazy=\"1\">\n        <div  class=\"tb_text_wrap\">\n        <h1>PRensa<\/h1>    <\/div>\n<\/div>\n<!-- \/module text -->        <\/div>\n                    <div  data-lazy=\"1\" class=\"module_column tb-column col3-1 tb_3qe79\">\n                    <!-- module text -->\n<div  class=\"module module-text tb_40z8142   \" data-lazy=\"1\">\n    <h3 class=\"module-title\">Material de prensa<\/h3>    <div  class=\"tb_text_wrap\">\n        <p>En el siguiente link podr\u00e1s encontrar todo el material de prensa de Casa FOA C\u00f3rdoba edici\u00f3n Pocito 2024\u00a0 ordenado en carpetas. Incluye:<\/p>    <\/div>\n<\/div>\n<!-- \/module text --><!-- module text -->\n<div  class=\"module module-text tb_519y64   \" data-lazy=\"1\">\n        <div  class=\"tb_text_wrap\">\n        <p>Gacetilla de prensa<br>Fotos de los espacios<br>Memorias descriptivas de los espacios<br>Gacetillas de las empresas auspiciantes<br>Logos Casa FOA C\u00f3rdoba 2024 Edici\u00f3n Pocito<\/p>    <\/div>\n<\/div>\n<!-- \/module text --><!-- module buttons -->\n<div  class=\"module module-buttons tb_v2ba440 buttons-horizontal solid  \" data-lazy=\"1\">\n        <div class=\"module-buttons-item tf_in_flx\">\n                        <a href=\"https:\/\/drive.google.com\/drive\/folders\/1lFmggWdm9O5rFAuX9SxyBA8SIUrzAQmq\" class=\"ui builder_button tf_in_flx transparent\" >\n                                    <em><svg  class=\"tf_fa tf-fab-google-drive\" aria-hidden=\"true\"><use href=\"#tf-fab-google-drive\"><\/use><\/svg><\/em>                                        ver carpeta de prensa                                        <\/a>\n                <\/div>\n            <\/div>\n<!-- \/module buttons -->\n        <\/div>\n                    <div  data-lazy=\"1\" class=\"module_column tb-column col3-1 tb_nh5u9 last\">\n                    <!-- module text -->\n<div  class=\"module module-text tb_m1by850   \" data-lazy=\"1\">\n    <h3 class=\"module-title\">contacto de prensa<\/h3>    <div  class=\"tb_text_wrap\">\n        <p><strong>Gurdu Agencia<\/strong> <br>Valentina Gurdulich<\/p>    <\/div>\n<\/div>\n<!-- \/module text --><!-- module text -->\n<div  class=\"module module-text tb_r4pg0   \" data-lazy=\"1\">\n    <h3 class=\"module-title\">Tel\u00e9fono<\/h3>    <div  class=\"tb_text_wrap\">\n        <p>3516525877 \/ 3513431487<\/p>    <\/div>\n<\/div>\n<!-- \/module text --><!-- module text -->\n<div  class=\"module module-text tb_48na730   \" data-lazy=\"1\">\n    <h3 class=\"module-title\">email<\/h3>    <div  class=\"tb_text_wrap\">\n        <p><a href=\"mailto:valentina@gurdulich.com\">valentina@gurdulich.com<\/a><\/p>    <\/div>\n<\/div>\n<!-- \/module text -->        <\/div>\n                        <\/div>\n        <\/div>\n        <\/div>\n<!--\/themify_builder_content-->","protected":false},"excerpt":{"rendered":"<p>PRensa Material de prensa En el siguiente link podr\u00e1s encontrar todo el material de prensa de Casa FOA C\u00f3rdoba edici\u00f3n Pocito 2024\u00a0 ordenado en carpetas. Incluye: Gacetilla de prensaFotos de los espaciosMemorias descriptivas de los espaciosGacetillas de las empresas auspiciantesLogos Casa FOA C\u00f3rdoba 2024 Edici\u00f3n Pocito ver carpeta de prensa contacto de prensa Gurdu Agencia [&hellip;]<\/p>\n","protected":false},"author":6,"featured_media":0,"parent":0,"menu_order":0,"comment_status":"closed","ping_status":"closed","template":"","meta":{"inline_featured_image":false,"footnotes":""},"yoast_head":"<!-- This site is optimized with the Yoast SEO plugin v22.8 - https:\/\/yoast.com\/wordpress\/plugins\/seo\/ -->\n<title>Prensa &#8212; Casa FOA<\/title>\n<meta name=\"robots\" content=\"index, follow, max-snippet:-1, max-image-preview:large, max-video-preview:-1\" \/>\n<link rel=\"canonical\" href=\"https:\/\/casafoa.com\/sitio\/prensa\" \/>\n<meta property=\"og:locale\" content=\"en_US\" \/>\n<meta property=\"og:type\" content=\"article\" \/>\n<meta property=\"og:title\" content=\"Prensa &#8212; Casa FOA\" \/>\n<meta property=\"og:description\" content=\"PRensa Material de prensa En el siguiente link podr\u00e1s encontrar todo el material de prensa de Casa FOA C\u00f3rdoba edici\u00f3n Pocito 2024\u00a0 ordenado en carpetas. Incluye: Gacetilla de prensaFotos de los espaciosMemorias descriptivas de los espaciosGacetillas de las empresas auspiciantesLogos Casa FOA C\u00f3rdoba 2024 Edici\u00f3n Pocito ver carpeta de prensa contacto de prensa Gurdu Agencia [&hellip;]\" \/>\n<meta property=\"og:url\" content=\"https:\/\/casafoa.com\/sitio\/prensa\" \/>\n<meta property=\"og:site_name\" content=\"Casa FOA\" \/>\n<meta property=\"article:publisher\" content=\"https:\/\/www.facebook.com\/casafoa\" \/>\n<meta property=\"article:modified_time\" content=\"2024-04-30T12:51:56+00:00\" \/>\n<meta property=\"og:image\" content=\"https:\/\/casafoa.com\/sitio\/wp-content\/uploads\/2024\/04\/cordoba2024_og.png\" \/>\n\t<meta property=\"og:image:width\" content=\"1200\" \/>\n\t<meta property=\"og:image:height\" content=\"630\" \/>\n\t<meta property=\"og:image:type\" content=\"image\/png\" \/>\n<meta name=\"twitter:card\" content=\"summary_large_image\" \/>\n<meta name=\"twitter:label1\" content=\"Est. reading time\" \/>\n\t<meta name=\"twitter:data1\" content=\"1 minute\" \/>\n<script type=\"application\/ld+json\" class=\"yoast-schema-graph\">{\"@context\":\"https:\/\/schema.org\",\"@graph\":[{\"@type\":\"WebPage\",\"@id\":\"https:\/\/casafoa.com\/sitio\/prensa\",\"url\":\"https:\/\/casafoa.com\/sitio\/prensa\",\"name\":\"Prensa &#8212; Casa FOA\",\"isPartOf\":{\"@id\":\"https:\/\/casafoa.com\/sitio\/#website\"},\"datePublished\":\"2021-04-20T16:03:33+00:00\",\"dateModified\":\"2024-04-30T12:51:56+00:00\",\"breadcrumb\":{\"@id\":\"https:\/\/casafoa.com\/sitio\/prensa#breadcrumb\"},\"inLanguage\":\"en\",\"potentialAction\":[{\"@type\":\"ReadAction\",\"target\":[\"https:\/\/casafoa.com\/sitio\/prensa\"]}]},{\"@type\":\"BreadcrumbList\",\"@id\":\"https:\/\/casafoa.com\/sitio\/prensa#breadcrumb\",\"itemListElement\":[{\"@type\":\"ListItem\",\"position\":1,\"name\":\"Inicio\",\"item\":\"https:\/\/casafoa.com\/sitio\/\"},{\"@type\":\"ListItem\",\"position\":2,\"name\":\"Prensa\"}]},{\"@type\":\"WebSite\",\"@id\":\"https:\/\/casafoa.com\/sitio\/#website\",\"url\":\"https:\/\/casafoa.com\/sitio\/\",\"name\":\"Casa FOA\",\"description\":\"Espacio de Dise&ntilde;o\",\"publisher\":{\"@id\":\"https:\/\/casafoa.com\/sitio\/#organization\"},\"potentialAction\":[{\"@type\":\"SearchAction\",\"target\":{\"@type\":\"EntryPoint\",\"urlTemplate\":\"https:\/\/casafoa.com\/sitio\/?s={search_term_string}\"},\"query-input\":\"required name=search_term_string\"}],\"inLanguage\":\"en\"},{\"@type\":\"Organization\",\"@id\":\"https:\/\/casafoa.com\/sitio\/#organization\",\"name\":\"Casa FOA\",\"url\":\"https:\/\/casafoa.com\/sitio\/\",\"logo\":{\"@type\":\"ImageObject\",\"inLanguage\":\"en\",\"@id\":\"https:\/\/casafoa.com\/sitio\/#\/schema\/logo\/image\/\",\"url\":\"https:\/\/casafoa.com\/sitio\/wp-content\/uploads\/2021\/01\/casafoa_logo_cms.svg\",\"contentUrl\":\"https:\/\/casafoa.com\/sitio\/wp-content\/uploads\/2021\/01\/casafoa_logo_cms.svg\",\"width\":320,\"height\":287,\"caption\":\"Casa FOA\"},\"image\":{\"@id\":\"https:\/\/casafoa.com\/sitio\/#\/schema\/logo\/image\/\"},\"sameAs\":[\"https:\/\/www.facebook.com\/casafoa\",\"https:\/\/www.instagram.com\/casafoa\/\",\"https:\/\/www.youtube.com\/user\/casafoatv\"]}]}<\/script>\n<!-- \/ Yoast SEO plugin. -->","yoast_head_json":{"title":"Prensa &#8212; Casa FOA","robots":{"index":"index","follow":"follow","max-snippet":"max-snippet:-1","max-image-preview":"max-image-preview:large","max-video-preview":"max-video-preview:-1"},"canonical":"https:\/\/casafoa.com\/sitio\/prensa","og_locale":"en_US","og_type":"article","og_title":"Prensa &#8212; Casa FOA","og_description":"PRensa Material de prensa En el siguiente link podr\u00e1s encontrar todo el material de prensa de Casa FOA C\u00f3rdoba edici\u00f3n Pocito 2024\u00a0 ordenado en carpetas. Incluye: Gacetilla de prensaFotos de los espaciosMemorias descriptivas de los espaciosGacetillas de las empresas auspiciantesLogos Casa FOA C\u00f3rdoba 2024 Edici\u00f3n Pocito ver carpeta de prensa contacto de prensa Gurdu Agencia [&hellip;]","og_url":"https:\/\/casafoa.com\/sitio\/prensa","og_site_name":"Casa FOA","article_publisher":"https:\/\/www.facebook.com\/casafoa","article_modified_time":"2024-04-30T12:51:56+00:00","og_image":[{"width":1200,"height":630,"url":"https:\/\/casafoa.com\/sitio\/wp-content\/uploads\/2024\/04\/cordoba2024_og.png","type":"image\/png"}],"twitter_card":"summary_large_image","twitter_misc":{"Est. reading time":"1 minute"},"schema":{"@context":"https:\/\/schema.org","@graph":[{"@type":"WebPage","@id":"https:\/\/casafoa.com\/sitio\/prensa","url":"https:\/\/casafoa.com\/sitio\/prensa","name":"Prensa &#8212; Casa FOA","isPartOf":{"@id":"https:\/\/casafoa.com\/sitio\/#website"},"datePublished":"2021-04-20T16:03:33+00:00","dateModified":"2024-04-30T12:51:56+00:00","breadcrumb":{"@id":"https:\/\/casafoa.com\/sitio\/prensa#breadcrumb"},"inLanguage":"en","potentialAction":[{"@type":"ReadAction","target":["https:\/\/casafoa.com\/sitio\/prensa"]}]},{"@type":"BreadcrumbList","@id":"https:\/\/casafoa.com\/sitio\/prensa#breadcrumb","itemListElement":[{"@type":"ListItem","position":1,"name":"Inicio","item":"https:\/\/casafoa.com\/sitio\/"},{"@type":"ListItem","position":2,"name":"Prensa"}]},{"@type":"WebSite","@id":"https:\/\/casafoa.com\/sitio\/#website","url":"https:\/\/casafoa.com\/sitio\/","name":"Casa FOA","description":"Espacio de Dise&ntilde;o","publisher":{"@id":"https:\/\/casafoa.com\/sitio\/#organization"},"potentialAction":[{"@type":"SearchAction","target":{"@type":"EntryPoint","urlTemplate":"https:\/\/casafoa.com\/sitio\/?s={search_term_string}"},"query-input":"required name=search_term_string"}],"inLanguage":"en"},{"@type":"Organization","@id":"https:\/\/casafoa.com\/sitio\/#organization","name":"Casa FOA","url":"https:\/\/casafoa.com\/sitio\/","logo":{"@type":"ImageObject","inLanguage":"en","@id":"https:\/\/casafoa.com\/sitio\/#\/schema\/logo\/image\/","url":"https:\/\/casafoa.com\/sitio\/wp-content\/uploads\/2021\/01\/casafoa_logo_cms.svg","contentUrl":"https:\/\/casafoa.com\/sitio\/wp-content\/uploads\/2021\/01\/casafoa_logo_cms.svg","width":320,"height":287,"caption":"Casa FOA"},"image":{"@id":"https:\/\/casafoa.com\/sitio\/#\/schema\/logo\/image\/"},"sameAs":["https:\/\/www.facebook.com\/casafoa","https:\/\/www.instagram.com\/casafoa\/","https:\/\/www.youtube.com\/user\/casafoatv"]}]}},"_links":{"self":[{"href":"https:\/\/casafoa.com\/sitio\/wp-json\/wp\/v2\/pages\/2235"}],"collection":[{"href":"https:\/\/casafoa.com\/sitio\/wp-json\/wp\/v2\/pages"}],"about":[{"href":"https:\/\/casafoa.com\/sitio\/wp-json\/wp\/v2\/types\/page"}],"author":[{"embeddable":true,"href":"https:\/\/casafoa.com\/sitio\/wp-json\/wp\/v2\/users\/6"}],"replies":[{"embeddable":true,"href":"https:\/\/casafoa.com\/sitio\/wp-json\/wp\/v2\/comments?post=2235"}],"version-history":[{"count":80,"href":"https:\/\/casafoa.com\/sitio\/wp-json\/wp\/v2\/pages\/2235\/revisions"}],"predecessor-version":[{"id":10120,"href":"https:\/\/casafoa.com\/sitio\/wp-json\/wp\/v2\/pages\/2235\/revisions\/10120"}],"wp:attachment":[{"href":"https:\/\/casafoa.com\/sitio\/wp-json\/wp\/v2\/media?parent=2235"}],"curies":[{"name":"wp","href":"https:\/\/api.w.org\/{rel}","templated":true}]}}