{"id":78,"date":"2020-11-06T19:07:56","date_gmt":"2020-11-06T19:07:56","guid":{"rendered":"https:\/\/casafoa.com\/sitio\/?page_id=78"},"modified":"2024-04-19T20:10:38","modified_gmt":"2024-04-19T20:10:38","slug":"historia","status":"publish","type":"page","link":"https:\/\/casafoa.com\/sitio\/historia","title":{"rendered":"Historia"},"content":{"rendered":"<!--themify_builder_content-->\n<div id=\"themify_builder_content-78\" data-postid=\"78\" class=\"themify_builder_content themify_builder_content-78 themify_builder tf_clear\">\n                    <div  data-css_id=\"59ak512\" data-lazy=\"1\" class=\"module_row themify_builder_row fullwidth tb_59ak512 tb_first tf_w\">\n                        <div class=\"row_inner col_align_top gutter-narrow tb_col_count_2 tf_box tf_rel\">\n                        <div  data-lazy=\"1\" class=\"module_column tb-column col4-2 tb_l0n5512 first\">\n                    <!-- module image -->\n<div  class=\"module module-image tb_8q1x343 image-overlay  gradient auto_fullwidth tf_mw\" data-lazy=\"1\">\n        <div class=\"image-wrap tf_rel tf_mw\">\n            <img loading=\"lazy\" decoding=\"async\" width=\"1350\" height=\"904\" src=\"https:\/\/casafoa.com\/sitio\/wp-content\/uploads\/2023\/07\/mercedes_duo-1.webp\" class=\"wp-post-image wp-image-7052\" title=\"mercedes_duo-1\" alt=\"Mercedes Malbran de Campos\" srcset=\"https:\/\/casafoa.com\/sitio\/wp-content\/uploads\/2023\/07\/mercedes_duo-1.webp 1350w, https:\/\/casafoa.com\/sitio\/wp-content\/uploads\/2023\/07\/mercedes_duo-1-1195x800.webp 1195w, https:\/\/casafoa.com\/sitio\/wp-content\/uploads\/2023\/07\/mercedes_duo-1-768x514.webp 768w\" sizes=\"(max-width: 1350px) 100vw, 1350px\" \/>    \n    \n        <div class=\"image-content\">\n                        <div class=\"image-caption tb_text_wrap\">\n            Mercedes Malbran de Campos        <\/div>\n        <!-- \/image-caption -->\n            <\/div>\n    <!-- \/image-content -->\n                <\/div>\n        <!-- \/image-wrap -->\n    <\/div>\n<!-- \/module image -->        <\/div>\n                    <div  data-lazy=\"1\" class=\"module_column tb-column col4-2 tb_rnhj593 last\">\n                    <!-- module text -->\n<div  class=\"module module-text tb_6kb7674   \" data-lazy=\"1\">\n        <div  class=\"tb_text_wrap\">\n        <p style=\"text-align: left;\">Nuestra visi\u00f3n<\/p>    <\/div>\n<\/div>\n<!-- \/module text --><!-- module text -->\n<div  class=\"module module-text tb_wdnw803   \" data-lazy=\"1\">\n        <div  class=\"tb_text_wrap\">\n        <h2 style=\"text-align: left;\">Casa FOA es un espacio para el libre desarrollo de la creatividad que promueve la cultura del dise\u00f1o argentino y su valor como agente de transformaci\u00f3n social y econ\u00f3mica.<br><br>Esta iniciativa solidaria, creada en 1985 por Mercedes Malbran de Campos, tiene como fin dar continuidad a las campa\u00f1as y actividades que realiza la Fundaci\u00f3n Oftalmol\u00f3gica Argentina Jorge Malbran.<\/h2>    <\/div>\n<\/div>\n<!-- \/module text -->        <\/div>\n                        <\/div>\n        <\/div>\n                        <div  data-css_id=\"rqcq460\" data-lazy=\"1\" class=\"module_row themify_builder_row fullwidth tb_rqcq460 tf_w\">\n                        <div class=\"row_inner col_align_top gutter-narrow tb_col_count_2 tf_box tf_rel\">\n                        <div  data-lazy=\"1\" class=\"module_column tb-column col4-2 tb_0ss9460 first\">\n                    <!-- module text -->\n<div  class=\"module module-text tb_4xz2918   \" data-lazy=\"1\">\n        <div  class=\"tb_text_wrap\">\n        <p style=\"text-align: left;\">Nuestros valores<\/p>    <\/div>\n<\/div>\n<!-- \/module text -->        <div  data-lazy=\"1\" class=\"module_subrow themify_builder_sub_row tf_w col_align_top tb_col_count_1 tb_34j9944\">\n                <div  data-lazy=\"1\" class=\"module_column sub_column col-full tb_b24c944 first\">\n                    <!-- module text -->\n<div  class=\"module module-text tb_vv7f863   \" data-lazy=\"1\">\n        <div  class=\"tb_text_wrap\">\n        <p>Despu\u00e9s de m\u00e1s de tres d\u00e9cadas de intenso trabajo y crecimiento, Casa FOA mantiene \u00edntegros sus pilares e ideales con una mirada amplia y actualizada. Los valores que nos acompa\u00f1an\u00a0 son:<\/p>    <\/div>\n<\/div>\n<!-- \/module text --><!-- module text -->\n<div  class=\"module module-text tb_omxs674   \" data-lazy=\"1\">\n        <div  class=\"tb_text_wrap\">\n        <h2 style=\"text-align: left;\">Solidaridad<br>Innovaci\u00f3n<br>Equidad<br>Inclusi\u00f3n<br>Sostenibilidad<br>Confianza<\/h2>    <\/div>\n<\/div>\n<!-- \/module text --><!-- module text -->\n<div  class=\"module module-text tb_b5n6454   \" data-lazy=\"1\">\n        <div  class=\"tb_text_wrap\">\n        <p>Las acciones que realiza Casa FOA son generadoras de tendencias de dise\u00f1o,\u00a0 plataforma de lanzamientos de productos de la industria y un espacio donde dise\u00f1adores y arquitectos muestran su capacidad para resolver los desaf\u00edos del habitar contempor\u00e1neo mediante la creatividad y la experimentaci\u00f3n.<\/p>    <\/div>\n<\/div>\n<!-- \/module text -->        <\/div>\n                    <\/div>\n                <\/div>\n                    <div  data-lazy=\"1\" class=\"module_column tb-column col4-2 tb_bh2i460 last\">\n        <span class=\"builder_row_cover tf_abs\"><\/span>            <!-- module image -->\n<div  class=\"module module-image tb_z2lm856 image-overlay  gradient auto_fullwidth tf_mw\" data-lazy=\"1\">\n        <div class=\"image-wrap tf_rel tf_mw\">\n            <img loading=\"lazy\" decoding=\"async\" width=\"641\" height=\"550\" src=\"https:\/\/casafoa.com\/sitio\/wp-content\/uploads\/2021\/01\/Enrique-Segundo-Malbran.jpg\" class=\"wp-post-image wp-image-862\" title=\"\u201cCasa FOA es el medio, la Fundaci\u00f3n es el fin\u201d\" alt=\"ENRIQUE SEGUNDO MALBRAN \nPRESIDENTE DE LA FUNDACI\u00d3N OFTALMOL\u00d3GICA ARGENTINA JORGE MALBRAN\">    \n    \n        <div class=\"image-content\">\n                    <h3 class=\"image-title\">\n                                    \u201cCasa FOA es el medio, la Fundaci\u00f3n es el fin\u201d                            <\/h3>\n                        <div class=\"image-caption tb_text_wrap\">\n            ENRIQUE SEGUNDO MALBRAN <br>\nPRESIDENTE DE LA FUNDACI\u00d3N OFTALMOL\u00d3GICA ARGENTINA JORGE MALBRAN        <\/div>\n        <!-- \/image-caption -->\n            <\/div>\n    <!-- \/image-content -->\n                <\/div>\n        <!-- \/image-wrap -->\n    <\/div>\n<!-- \/module image -->        <\/div>\n                        <\/div>\n        <\/div>\n                        <div  data-css_id=\"ayoc808\" data-lazy=\"1\" class=\"module_row themify_builder_row fullwidth tb_ayoc808 tf_w\">\n                        <div class=\"row_inner col_align_top gutter-narrow tb_col_count_2 tf_box tf_rel\">\n                        <div  data-lazy=\"1\" class=\"module_column tb-column col4-2 tb_xttz846 first\">\n                    <!-- module image -->\n<div  class=\"module module-image tb_pujq414 image-overlay  gradient auto_fullwidth tf_mw\" data-lazy=\"1\">\n        <div class=\"image-wrap tf_rel tf_mw\">\n            <img loading=\"lazy\" decoding=\"async\" width=\"918\" height=\"664\" src=\"https:\/\/casafoa.com\/sitio\/wp-content\/uploads\/2023\/07\/jorgemalbran.webp\" class=\"wp-post-image wp-image-7053\" title=\"jorgemalbran\" alt=\"Jorge Malbran\" srcset=\"https:\/\/casafoa.com\/sitio\/wp-content\/uploads\/2023\/07\/jorgemalbran.webp 918w, https:\/\/casafoa.com\/sitio\/wp-content\/uploads\/2023\/07\/jorgemalbran-768x556.webp 768w\" sizes=\"(max-width: 918px) 100vw, 918px\" \/>    \n    \n        <div class=\"image-content\">\n                        <div class=\"image-caption tb_text_wrap\">\n            Jorge Malbran        <\/div>\n        <!-- \/image-caption -->\n            <\/div>\n    <!-- \/image-content -->\n                <\/div>\n        <!-- \/image-wrap -->\n    <\/div>\n<!-- \/module image -->        <\/div>\n                    <div  data-lazy=\"1\" class=\"module_column tb-column col4-2 tb_2gbl872 last\">\n                    <!-- module text -->\n<div  class=\"module module-text tb_jimd359   \" data-lazy=\"1\">\n        <div  class=\"tb_text_wrap\">\n        <h6>Fundaci\u00f3n Oftalmol\u00f3gica Argentina Jorge Malbran (FOA)<\/h6>    <\/div>\n<\/div>\n<!-- \/module text --><!-- module text -->\n<div  class=\"module module-text tb_y7es449   \" data-lazy=\"1\">\n        <div  class=\"tb_text_wrap\">\n        <h2>La Fundaci\u00f3n Oftalmol\u00f3gica Argentina Jorge Malbran fue creada el 30 de noviembre de 1964 por iniciativa del Doctor Enrique Segundo Malbran con el prop\u00f3sito de desarrollar la investigaci\u00f3n dentro del campo de la Oftalmolog\u00eda.<\/h2>\n<p>La Fundaci\u00f3n, Instituto de Docencia e Investigaci\u00f3n, es la culminaci\u00f3n institucional de la vocaci\u00f3n docente de Jorge Malbran inspirada en \u201clos hombres aprenden mientras ense\u00f1an\u201d, m\u00e1xima de S\u00e9neca.<\/p>\n<p>En la etapa inicial la presencia y el enorme prestigio de Jorge Malbran, aut\u00e9ntico maestro de la Oftalmolog\u00eda impulsaron los primeros pasos de la Fundaci\u00f3n. A partir de 1972 su hijo Enrique S. Malbran fue elegido Presidente del Consejo de Administraci\u00f3n, cargo que todav\u00eda ocupa continuando la labor y vocaci\u00f3n paterna. Durante m\u00e1s cincuenta y seis a\u00f1os la Fundaci\u00f3n ha llevado a cabo una intensa actividad dentro del campo de la investigaci\u00f3n oftalmol\u00f3gica, la docencia y la ayuda a la comunidad.<\/p>    <\/div>\n<\/div>\n<!-- \/module text -->        <\/div>\n                        <\/div>\n        <\/div>\n        <\/div>\n<!--\/themify_builder_content-->","protected":false},"excerpt":{"rendered":"<p>Nuestra visi\u00f3n<\/p>\n","protected":false},"author":6,"featured_media":0,"parent":0,"menu_order":0,"comment_status":"closed","ping_status":"closed","template":"","meta":{"inline_featured_image":false,"footnotes":""},"yoast_head":"<!-- This site is optimized with the Yoast SEO plugin v22.8 - https:\/\/yoast.com\/wordpress\/plugins\/seo\/ -->\n<title>Historia &#8212; Casa FOA<\/title>\n<meta name=\"robots\" content=\"index, follow, max-snippet:-1, max-image-preview:large, max-video-preview:-1\" \/>\n<link rel=\"canonical\" href=\"https:\/\/casafoa.com\/sitio\/historia\" \/>\n<meta property=\"og:locale\" content=\"en_US\" \/>\n<meta property=\"og:type\" content=\"article\" \/>\n<meta property=\"og:title\" content=\"Historia &#8212; Casa FOA\" \/>\n<meta property=\"og:description\" content=\"Nuestra visi\u00f3n\" \/>\n<meta property=\"og:url\" content=\"https:\/\/casafoa.com\/sitio\/historia\" \/>\n<meta property=\"og:site_name\" content=\"Casa FOA\" \/>\n<meta property=\"article:publisher\" content=\"https:\/\/www.facebook.com\/casafoa\" \/>\n<meta property=\"article:modified_time\" content=\"2024-04-19T20:10:38+00:00\" \/>\n<meta property=\"og:image\" content=\"https:\/\/casafoa.com\/sitio\/wp-content\/uploads\/2023\/07\/mercedes_duo-1.webp\" \/>\n<meta name=\"twitter:card\" content=\"summary_large_image\" \/>\n<meta name=\"twitter:label1\" content=\"Est. reading time\" \/>\n\t<meta name=\"twitter:data1\" content=\"3 minutes\" \/>\n<script type=\"application\/ld+json\" class=\"yoast-schema-graph\">{\"@context\":\"https:\/\/schema.org\",\"@graph\":[{\"@type\":\"WebPage\",\"@id\":\"https:\/\/casafoa.com\/sitio\/historia\",\"url\":\"https:\/\/casafoa.com\/sitio\/historia\",\"name\":\"Historia &#8212; Casa FOA\",\"isPartOf\":{\"@id\":\"https:\/\/casafoa.com\/sitio\/#website\"},\"primaryImageOfPage\":{\"@id\":\"https:\/\/casafoa.com\/sitio\/historia#primaryimage\"},\"image\":{\"@id\":\"https:\/\/casafoa.com\/sitio\/historia#primaryimage\"},\"thumbnailUrl\":\"https:\/\/casafoa.com\/sitio\/wp-content\/uploads\/2023\/07\/mercedes_duo-1.webp\",\"datePublished\":\"2020-11-06T19:07:56+00:00\",\"dateModified\":\"2024-04-19T20:10:38+00:00\",\"breadcrumb\":{\"@id\":\"https:\/\/casafoa.com\/sitio\/historia#breadcrumb\"},\"inLanguage\":\"en\",\"potentialAction\":[{\"@type\":\"ReadAction\",\"target\":[\"https:\/\/casafoa.com\/sitio\/historia\"]}]},{\"@type\":\"ImageObject\",\"inLanguage\":\"en\",\"@id\":\"https:\/\/casafoa.com\/sitio\/historia#primaryimage\",\"url\":\"https:\/\/casafoa.com\/sitio\/wp-content\/uploads\/2023\/07\/mercedes_duo-1.webp\",\"contentUrl\":\"https:\/\/casafoa.com\/sitio\/wp-content\/uploads\/2023\/07\/mercedes_duo-1.webp\",\"width\":1350,\"height\":904},{\"@type\":\"BreadcrumbList\",\"@id\":\"https:\/\/casafoa.com\/sitio\/historia#breadcrumb\",\"itemListElement\":[{\"@type\":\"ListItem\",\"position\":1,\"name\":\"Inicio\",\"item\":\"https:\/\/casafoa.com\/sitio\/\"},{\"@type\":\"ListItem\",\"position\":2,\"name\":\"Historia\"}]},{\"@type\":\"WebSite\",\"@id\":\"https:\/\/casafoa.com\/sitio\/#website\",\"url\":\"https:\/\/casafoa.com\/sitio\/\",\"name\":\"Casa FOA\",\"description\":\"Espacio de Dise&ntilde;o\",\"publisher\":{\"@id\":\"https:\/\/casafoa.com\/sitio\/#organization\"},\"potentialAction\":[{\"@type\":\"SearchAction\",\"target\":{\"@type\":\"EntryPoint\",\"urlTemplate\":\"https:\/\/casafoa.com\/sitio\/?s={search_term_string}\"},\"query-input\":\"required name=search_term_string\"}],\"inLanguage\":\"en\"},{\"@type\":\"Organization\",\"@id\":\"https:\/\/casafoa.com\/sitio\/#organization\",\"name\":\"Casa FOA\",\"url\":\"https:\/\/casafoa.com\/sitio\/\",\"logo\":{\"@type\":\"ImageObject\",\"inLanguage\":\"en\",\"@id\":\"https:\/\/casafoa.com\/sitio\/#\/schema\/logo\/image\/\",\"url\":\"https:\/\/casafoa.com\/sitio\/wp-content\/uploads\/2021\/01\/casafoa_logo_cms.svg\",\"contentUrl\":\"https:\/\/casafoa.com\/sitio\/wp-content\/uploads\/2021\/01\/casafoa_logo_cms.svg\",\"width\":320,\"height\":287,\"caption\":\"Casa FOA\"},\"image\":{\"@id\":\"https:\/\/casafoa.com\/sitio\/#\/schema\/logo\/image\/\"},\"sameAs\":[\"https:\/\/www.facebook.com\/casafoa\",\"https:\/\/www.instagram.com\/casafoa\/\",\"https:\/\/www.youtube.com\/user\/casafoatv\"]}]}<\/script>\n<!-- \/ Yoast SEO plugin. -->","yoast_head_json":{"title":"Historia &#8212; Casa FOA","robots":{"index":"index","follow":"follow","max-snippet":"max-snippet:-1","max-image-preview":"max-image-preview:large","max-video-preview":"max-video-preview:-1"},"canonical":"https:\/\/casafoa.com\/sitio\/historia","og_locale":"en_US","og_type":"article","og_title":"Historia &#8212; Casa FOA","og_description":"Nuestra visi\u00f3n","og_url":"https:\/\/casafoa.com\/sitio\/historia","og_site_name":"Casa FOA","article_publisher":"https:\/\/www.facebook.com\/casafoa","article_modified_time":"2024-04-19T20:10:38+00:00","og_image":[{"url":"https:\/\/casafoa.com\/sitio\/wp-content\/uploads\/2023\/07\/mercedes_duo-1.webp"}],"twitter_card":"summary_large_image","twitter_misc":{"Est. reading time":"3 minutes"},"schema":{"@context":"https:\/\/schema.org","@graph":[{"@type":"WebPage","@id":"https:\/\/casafoa.com\/sitio\/historia","url":"https:\/\/casafoa.com\/sitio\/historia","name":"Historia &#8212; Casa FOA","isPartOf":{"@id":"https:\/\/casafoa.com\/sitio\/#website"},"primaryImageOfPage":{"@id":"https:\/\/casafoa.com\/sitio\/historia#primaryimage"},"image":{"@id":"https:\/\/casafoa.com\/sitio\/historia#primaryimage"},"thumbnailUrl":"https:\/\/casafoa.com\/sitio\/wp-content\/uploads\/2023\/07\/mercedes_duo-1.webp","datePublished":"2020-11-06T19:07:56+00:00","dateModified":"2024-04-19T20:10:38+00:00","breadcrumb":{"@id":"https:\/\/casafoa.com\/sitio\/historia#breadcrumb"},"inLanguage":"en","potentialAction":[{"@type":"ReadAction","target":["https:\/\/casafoa.com\/sitio\/historia"]}]},{"@type":"ImageObject","inLanguage":"en","@id":"https:\/\/casafoa.com\/sitio\/historia#primaryimage","url":"https:\/\/casafoa.com\/sitio\/wp-content\/uploads\/2023\/07\/mercedes_duo-1.webp","contentUrl":"https:\/\/casafoa.com\/sitio\/wp-content\/uploads\/2023\/07\/mercedes_duo-1.webp","width":1350,"height":904},{"@type":"BreadcrumbList","@id":"https:\/\/casafoa.com\/sitio\/historia#breadcrumb","itemListElement":[{"@type":"ListItem","position":1,"name":"Inicio","item":"https:\/\/casafoa.com\/sitio\/"},{"@type":"ListItem","position":2,"name":"Historia"}]},{"@type":"WebSite","@id":"https:\/\/casafoa.com\/sitio\/#website","url":"https:\/\/casafoa.com\/sitio\/","name":"Casa FOA","description":"Espacio de Dise&ntilde;o","publisher":{"@id":"https:\/\/casafoa.com\/sitio\/#organization"},"potentialAction":[{"@type":"SearchAction","target":{"@type":"EntryPoint","urlTemplate":"https:\/\/casafoa.com\/sitio\/?s={search_term_string}"},"query-input":"required name=search_term_string"}],"inLanguage":"en"},{"@type":"Organization","@id":"https:\/\/casafoa.com\/sitio\/#organization","name":"Casa FOA","url":"https:\/\/casafoa.com\/sitio\/","logo":{"@type":"ImageObject","inLanguage":"en","@id":"https:\/\/casafoa.com\/sitio\/#\/schema\/logo\/image\/","url":"https:\/\/casafoa.com\/sitio\/wp-content\/uploads\/2021\/01\/casafoa_logo_cms.svg","contentUrl":"https:\/\/casafoa.com\/sitio\/wp-content\/uploads\/2021\/01\/casafoa_logo_cms.svg","width":320,"height":287,"caption":"Casa FOA"},"image":{"@id":"https:\/\/casafoa.com\/sitio\/#\/schema\/logo\/image\/"},"sameAs":["https:\/\/www.facebook.com\/casafoa","https:\/\/www.instagram.com\/casafoa\/","https:\/\/www.youtube.com\/user\/casafoatv"]}]}},"_links":{"self":[{"href":"https:\/\/casafoa.com\/sitio\/wp-json\/wp\/v2\/pages\/78"}],"collection":[{"href":"https:\/\/casafoa.com\/sitio\/wp-json\/wp\/v2\/pages"}],"about":[{"href":"https:\/\/casafoa.com\/sitio\/wp-json\/wp\/v2\/types\/page"}],"author":[{"embeddable":true,"href":"https:\/\/casafoa.com\/sitio\/wp-json\/wp\/v2\/users\/6"}],"replies":[{"embeddable":true,"href":"https:\/\/casafoa.com\/sitio\/wp-json\/wp\/v2\/comments?post=78"}],"version-history":[{"count":61,"href":"https:\/\/casafoa.com\/sitio\/wp-json\/wp\/v2\/pages\/78\/revisions"}],"predecessor-version":[{"id":9863,"href":"https:\/\/casafoa.com\/sitio\/wp-json\/wp\/v2\/pages\/78\/revisions\/9863"}],"wp:attachment":[{"href":"https:\/\/casafoa.com\/sitio\/wp-json\/wp\/v2\/media?parent=78"}],"curies":[{"name":"wp","href":"https:\/\/api.w.org\/{rel}","templated":true}]}}