{"id":9248,"date":"2024-03-08T22:50:24","date_gmt":"2024-03-08T22:50:24","guid":{"rendered":"https:\/\/casafoa.com\/sitio\/?page_id=9248"},"modified":"2024-03-11T22:22:56","modified_gmt":"2024-03-11T22:22:56","slug":"contacto","status":"publish","type":"page","link":"https:\/\/casafoa.com\/sitio\/contacto","title":{"rendered":"Contacto"},"content":{"rendered":"<!--themify_builder_content-->\n<div id=\"themify_builder_content-9248\" data-postid=\"9248\" class=\"themify_builder_content themify_builder_content-9248 themify_builder tf_clear\">\n                    <div  data-css_id=\"yjc2103\" data-lazy=\"1\" class=\"module_row themify_builder_row fullwidth tb_yjc2103 tb_first tf_w\">\n                        <div class=\"row_inner col_align_top tb_col_count_3 tf_box tf_rel\">\n                        <div  data-lazy=\"1\" class=\"module_column tb-column col3-1 tb_yapm103 first\">\n                    <!-- module text -->\n<div  class=\"module module-text tb_ilip965   \" data-lazy=\"1\">\n        <div  class=\"tb_text_wrap\">\n        <h1>Contacto<\/h1>    <\/div>\n<\/div>\n<!-- \/module text -->        <\/div>\n                    <div  data-lazy=\"1\" class=\"module_column tb-column col3-1 tb_nh25103\">\n                    <!-- module text -->\n<div  class=\"module module-text tb_02za69   \" data-lazy=\"1\">\n    <h3 class=\"module-title\">Oficinas<\/h3>    <div  class=\"tb_text_wrap\">\n        <p style=\"text-align: left;\"><span style=\"letter-spacing: -0.02em;\"><br>Viamonte 1181 6\u00b0 Piso<br><\/span><span style=\"letter-spacing: -0.02em;\">C1053ABV \u2013 CABA \u2013 Argentina.<\/span><\/p>\n<p style=\"text-align: left;\"><span style=\"letter-spacing: -0.02em;\">secretaria@casafoa.com<\/span><\/p>\n<p style=\"text-align: left;\">Nos encanta recibir comentarios y sugerencias sobre lo que hacemos y tener un contacto m\u00e1s cercano con nuestros seguidores. Pod\u00e9s comunicarte con nosotros a trav\u00e9s de este formulario de contacto o utilizando nuestras redes sociales.<\/p>    <\/div>\n<\/div>\n<!-- \/module text --><!-- module icon -->\n<div  class=\"module module-icon tb_4scj779   none icon_vertical \" data-lazy=\"1\">\n            <div class=\"module-icon-item\">\n                            <a href=\"https:\/\/www.instagram.com\/casafoa\/\" rel=\"noopener\" target=\"_blank\">\n                                                                    <em class=\"tf_box\" style=\"color:#000000\"><svg  class=\"tf_fa tf-fab-instagram\" aria-hidden=\"true\"><use href=\"#tf-fab-instagram\"><\/use><\/svg><\/em>\n                                                                            <span>Instagram<\/span>\n                                                                    <\/a>\n                    <\/div>\n            <div class=\"module-icon-item\">\n                            <a href=\"https:\/\/www.facebook.com\/casafoa\" rel=\"noopener\" target=\"_blank\">\n                                                                    <em class=\"tf_box\" style=\"color:#000000\"><svg  class=\"tf_fa tf-fab-facebook\" aria-hidden=\"true\"><use href=\"#tf-fab-facebook\"><\/use><\/svg><\/em>\n                                                                            <span>Facebook<\/span>\n                                                                    <\/a>\n                    <\/div>\n            <div class=\"module-icon-item\">\n                            <a href=\"https:\/\/www.tiktok.com\/@casa.foa\" rel=\"noopener\" target=\"_blank\">\n                                                                    <em class=\"tf_box\" style=\"color:#000000\"><svg  class=\"tf_fa tf-fab-tiktok\" aria-hidden=\"true\"><use href=\"#tf-fab-tiktok\"><\/use><\/svg><\/em>\n                                                                            <span>Tiktok<\/span>\n                                                                    <\/a>\n                    <\/div>\n            <div class=\"module-icon-item\">\n                            <a href=\"https:\/\/www.youtube.com\/@casafoatv\" rel=\"noopener\" target=\"_blank\">\n                                                                    <em class=\"tf_box\" style=\"color:#000000\"><svg  class=\"tf_fa tf-fab-youtube\" aria-hidden=\"true\"><use href=\"#tf-fab-youtube\"><\/use><\/svg><\/em>\n                                                                            <span>YouTube<\/span>\n                                                                    <\/a>\n                    <\/div>\n            <div class=\"module-icon-item\">\n                            <a href=\"https:\/\/www.linkedin.com\/company\/casafoa\/\" rel=\"noopener\" target=\"_blank\">\n                                                                    <em class=\"tf_box\" style=\"color:#000000\"><svg  class=\"tf_fa tf-fab-linkedin-in\" aria-hidden=\"true\"><use href=\"#tf-fab-linkedin-in\"><\/use><\/svg><\/em>\n                                                                            <span>LinkedIn<\/span>\n                                                                    <\/a>\n                    <\/div>\n    <\/div>\n<!-- \/module icon -->\n        <\/div>\n                    <div  data-lazy=\"1\" class=\"module_column tb-column col3-1 tb_fa31103 last\">\n                    <!-- module contact -->\n<div  id=\"tb_a439891\" class=\"module module-contact tb_a439891 contact-style1 \" data-lazy=\"1\">\n    \n\t<form class=\"builder-contact\"\n\t\tid=\"tb_a439891-form\"\n\t\tmethod=\"post\"\n\t\tdata-post-id=\"9248\"\n\t\tdata-element-id=\"a439891\"\n\t\tdata-orig-id=\"9248\"\n\t>\n    <div class=\"contact-message\"><\/div>\n\t<div class=\"builder-contact-fields tf_rel\">\n\t\t    \t\t    <div class=\"builder-contact-field builder-contact-field-name builder-contact-text-field\">\n\t\t\t    <label class=\"control-label\" for=\"tb_a439891-contact-name\">\n\t\t\t\t\t\t\t\t\t\t<span class=\"tb-label-span\">Nombre <\/span><span class=\"required\">*<\/span>\t\t\t\t<\/label>\n\t\t\t    <div class=\"control-input tf_rel\">\n\t\t\t\t    \t\t\t\t\t    <input type=\"text\" name=\"contact-name\" placeholder=\"\" id=\"tb_a439891-contact-name\" value=\"\" class=\"form-control\" required>\n\t\t\t\t    \t\t\t\t    \t\t\t    <\/div>\n\t\t<\/div>\n\t    \n\t\t    \t\t    \t\t    <div class=\"builder-contact-field builder-contact-field-extra builder-contact-text-field\">\n\t\t\t\t\n\t\t\t\t<label class=\"control-label\" for=\"field_extra_tb_a439891_0\">\n\t\t\t\t\t\n\t\t\t\t\tApellido\t\t\t\t\t\t\t\t\t\t\t<input type=\"hidden\" name=\"field_extra_name_0\" value=\"Apellido\">\n\t\t\t\t\t\t\t\t\t\t\t<span class=\"required\">*<\/span>\n\t\t\t\t\t\t\t\t\t<\/label>\n\t\t\t\t<div class=\"control-input tf_rel\">\n\t\t\t\t\t\t\t\t\t\t\t<input type=\"text\" name=\"field_extra_0\" id=\"field_extra_tb_a439891_0\" placeholder=\"\" class=\"form-control\" required>\n\t\t\t\t\t\n\t\t\t\t\t\t\t\t\t<\/div>\n\t\t    <\/div>\n\t    \n\t\t    \t\t    <div class=\"builder-contact-field builder-contact-field-email builder-contact-text-field\">\n\t\t\t    <label class=\"control-label\" for=\"tb_a439891-contact-email\">\n\t\t\t\t\t\t\t\t\t\t<span class=\"tb-label-span\">Email <\/span><span class=\"required\">*<\/span>\t\t\t\t<\/label>\n\t\t\t    <div class=\"control-input tf_rel\">\n\t\t\t\t    \t\t\t\t\t    <input type=\"email\" name=\"contact-email\" placeholder=\"\" id=\"tb_a439891-contact-email\" value=\"\" class=\"form-control\" required>\n\t\t\t\t    \t\t\t\t    \t\t\t    <\/div>\n\t\t<\/div>\n\t    \n\t\t    \t\t    <div class=\"builder-contact-field builder-contact-field-subject builder-contact-text-field\">\n\t\t\t    <label class=\"control-label\" for=\"tb_a439891-contact-subject\">\n\t\t\t\t\t\t\t\t\t\t<span class=\"tb-label-span\">Asunto <\/span><span class=\"required\">*<\/span>\t\t\t\t<\/label>\n\t\t\t    <div class=\"control-input tf_rel\">\n\t\t\t\t    \t\t\t\t\t    <input type=\"text\" name=\"contact-subject\" placeholder=\"\" id=\"tb_a439891-contact-subject\" value=\"\" class=\"form-control\" required>\n\t\t\t\t    \t\t\t\t    \t\t\t    <\/div>\n\t\t<\/div>\n\t    \n\t\t    \t\t    <div class=\"builder-contact-field builder-contact-field-message builder-contact-textarea-field\">\n\t\t\t    <label class=\"control-label\" for=\"tb_a439891-contact-message\">\n\t\t\t\t\t\t\t\t\t\t<span class=\"tb-label-span\">Mensaje <\/span><span class=\"required\">*<\/span>\t\t\t\t<\/label>\n\t\t\t    <div class=\"control-input tf_rel\">\n\t\t\t\t    \t\t\t\t\t    <textarea name=\"contact-message\" placeholder=\"\" id=\"tb_a439891-contact-message\" class=\"form-control\" required><\/textarea>\n\t\t\t\t    \t\t\t\t    \t\t\t    <\/div>\n\t\t<\/div>\n\t    \n\t\t    \t\t\n\t\t\n\t    \n\t    <div class=\"builder-contact-field builder-contact-field-send control-input tf_textl tf_clear tf_rel\">\n\t\t\t<button type=\"submit\" class=\"btn btn-primary\">\n\t\t\t\t<span class=\"tf_loader\"><\/span>\t\t\t\t<span class=\"tf_submit_icon\"><\/span> \n\t\t\t\tENVIAR\t\t\t<\/button>\n\t    <\/div>\n\t<\/div>\n    <\/form>\n    <\/div>\n<!-- \/module contact -->\n        <\/div>\n                        <\/div>\n        <\/div>\n        <\/div>\n<!--\/themify_builder_content-->","protected":false},"excerpt":{"rendered":"<p>Contacto Oficinas Viamonte 1181 6\u00b0 PisoC1053ABV \u2013 CABA \u2013 Argentina. secretaria@casafoa.com Nos encanta recibir comentarios y sugerencias sobre lo que hacemos y tener un contacto m\u00e1s cercano con nuestros seguidores. Pod\u00e9s comunicarte con nosotros a trav\u00e9s de este formulario de contacto o utilizando nuestras redes sociales. Instagram Facebook Tiktok YouTube LinkedIn Nombre * Apellido * [&hellip;]<\/p>\n","protected":false},"author":6,"featured_media":0,"parent":0,"menu_order":0,"comment_status":"closed","ping_status":"closed","template":"","meta":{"inline_featured_image":false,"footnotes":""},"yoast_head":"<!-- This site is optimized with the Yoast SEO plugin v22.8 - https:\/\/yoast.com\/wordpress\/plugins\/seo\/ -->\n<title>Contacto &#8212; Casa FOA<\/title>\n<meta name=\"robots\" content=\"index, follow, max-snippet:-1, max-image-preview:large, max-video-preview:-1\" \/>\n<link rel=\"canonical\" href=\"https:\/\/casafoa.com\/sitio\/contacto\" \/>\n<meta property=\"og:locale\" content=\"en_US\" \/>\n<meta property=\"og:type\" content=\"article\" \/>\n<meta property=\"og:title\" content=\"Contacto &#8212; Casa FOA\" \/>\n<meta property=\"og:description\" content=\"Contacto Oficinas Viamonte 1181 6\u00b0 PisoC1053ABV \u2013 CABA \u2013 Argentina. secretaria@casafoa.com Nos encanta recibir comentarios y sugerencias sobre lo que hacemos y tener un contacto m\u00e1s cercano con nuestros seguidores. Pod\u00e9s comunicarte con nosotros a trav\u00e9s de este formulario de contacto o utilizando nuestras redes sociales. Instagram Facebook Tiktok YouTube LinkedIn Nombre * Apellido * [&hellip;]\" \/>\n<meta property=\"og:url\" content=\"https:\/\/casafoa.com\/sitio\/contacto\" \/>\n<meta property=\"og:site_name\" content=\"Casa FOA\" \/>\n<meta property=\"article:publisher\" content=\"https:\/\/www.facebook.com\/casafoa\" \/>\n<meta property=\"article:modified_time\" content=\"2024-03-11T22:22:56+00:00\" \/>\n<meta property=\"og:image\" content=\"https:\/\/casafoa.com\/sitio\/wp-content\/uploads\/2024\/04\/cordoba2024_og.png\" \/>\n\t<meta property=\"og:image:width\" content=\"1200\" \/>\n\t<meta property=\"og:image:height\" content=\"630\" \/>\n\t<meta property=\"og:image:type\" content=\"image\/png\" \/>\n<meta name=\"twitter:card\" content=\"summary_large_image\" \/>\n<script type=\"application\/ld+json\" class=\"yoast-schema-graph\">{\"@context\":\"https:\/\/schema.org\",\"@graph\":[{\"@type\":\"WebPage\",\"@id\":\"https:\/\/casafoa.com\/sitio\/contacto\",\"url\":\"https:\/\/casafoa.com\/sitio\/contacto\",\"name\":\"Contacto &#8212; Casa FOA\",\"isPartOf\":{\"@id\":\"https:\/\/casafoa.com\/sitio\/#website\"},\"datePublished\":\"2024-03-08T22:50:24+00:00\",\"dateModified\":\"2024-03-11T22:22:56+00:00\",\"breadcrumb\":{\"@id\":\"https:\/\/casafoa.com\/sitio\/contacto#breadcrumb\"},\"inLanguage\":\"en\",\"potentialAction\":[{\"@type\":\"ReadAction\",\"target\":[\"https:\/\/casafoa.com\/sitio\/contacto\"]}]},{\"@type\":\"BreadcrumbList\",\"@id\":\"https:\/\/casafoa.com\/sitio\/contacto#breadcrumb\",\"itemListElement\":[{\"@type\":\"ListItem\",\"position\":1,\"name\":\"Inicio\",\"item\":\"https:\/\/casafoa.com\/sitio\/\"},{\"@type\":\"ListItem\",\"position\":2,\"name\":\"Contacto\"}]},{\"@type\":\"WebSite\",\"@id\":\"https:\/\/casafoa.com\/sitio\/#website\",\"url\":\"https:\/\/casafoa.com\/sitio\/\",\"name\":\"Casa FOA\",\"description\":\"Espacio de Dise&ntilde;o\",\"publisher\":{\"@id\":\"https:\/\/casafoa.com\/sitio\/#organization\"},\"potentialAction\":[{\"@type\":\"SearchAction\",\"target\":{\"@type\":\"EntryPoint\",\"urlTemplate\":\"https:\/\/casafoa.com\/sitio\/?s={search_term_string}\"},\"query-input\":\"required name=search_term_string\"}],\"inLanguage\":\"en\"},{\"@type\":\"Organization\",\"@id\":\"https:\/\/casafoa.com\/sitio\/#organization\",\"name\":\"Casa FOA\",\"url\":\"https:\/\/casafoa.com\/sitio\/\",\"logo\":{\"@type\":\"ImageObject\",\"inLanguage\":\"en\",\"@id\":\"https:\/\/casafoa.com\/sitio\/#\/schema\/logo\/image\/\",\"url\":\"https:\/\/casafoa.com\/sitio\/wp-content\/uploads\/2021\/01\/casafoa_logo_cms.svg\",\"contentUrl\":\"https:\/\/casafoa.com\/sitio\/wp-content\/uploads\/2021\/01\/casafoa_logo_cms.svg\",\"width\":320,\"height\":287,\"caption\":\"Casa FOA\"},\"image\":{\"@id\":\"https:\/\/casafoa.com\/sitio\/#\/schema\/logo\/image\/\"},\"sameAs\":[\"https:\/\/www.facebook.com\/casafoa\",\"https:\/\/www.instagram.com\/casafoa\/\",\"https:\/\/www.youtube.com\/user\/casafoatv\"]}]}<\/script>\n<!-- \/ Yoast SEO plugin. -->","yoast_head_json":{"title":"Contacto &#8212; Casa FOA","robots":{"index":"index","follow":"follow","max-snippet":"max-snippet:-1","max-image-preview":"max-image-preview:large","max-video-preview":"max-video-preview:-1"},"canonical":"https:\/\/casafoa.com\/sitio\/contacto","og_locale":"en_US","og_type":"article","og_title":"Contacto &#8212; Casa FOA","og_description":"Contacto Oficinas Viamonte 1181 6\u00b0 PisoC1053ABV \u2013 CABA \u2013 Argentina. secretaria@casafoa.com Nos encanta recibir comentarios y sugerencias sobre lo que hacemos y tener un contacto m\u00e1s cercano con nuestros seguidores. Pod\u00e9s comunicarte con nosotros a trav\u00e9s de este formulario de contacto o utilizando nuestras redes sociales. Instagram Facebook Tiktok YouTube LinkedIn Nombre * Apellido * [&hellip;]","og_url":"https:\/\/casafoa.com\/sitio\/contacto","og_site_name":"Casa FOA","article_publisher":"https:\/\/www.facebook.com\/casafoa","article_modified_time":"2024-03-11T22:22:56+00:00","og_image":[{"width":1200,"height":630,"url":"https:\/\/casafoa.com\/sitio\/wp-content\/uploads\/2024\/04\/cordoba2024_og.png","type":"image\/png"}],"twitter_card":"summary_large_image","schema":{"@context":"https:\/\/schema.org","@graph":[{"@type":"WebPage","@id":"https:\/\/casafoa.com\/sitio\/contacto","url":"https:\/\/casafoa.com\/sitio\/contacto","name":"Contacto &#8212; Casa FOA","isPartOf":{"@id":"https:\/\/casafoa.com\/sitio\/#website"},"datePublished":"2024-03-08T22:50:24+00:00","dateModified":"2024-03-11T22:22:56+00:00","breadcrumb":{"@id":"https:\/\/casafoa.com\/sitio\/contacto#breadcrumb"},"inLanguage":"en","potentialAction":[{"@type":"ReadAction","target":["https:\/\/casafoa.com\/sitio\/contacto"]}]},{"@type":"BreadcrumbList","@id":"https:\/\/casafoa.com\/sitio\/contacto#breadcrumb","itemListElement":[{"@type":"ListItem","position":1,"name":"Inicio","item":"https:\/\/casafoa.com\/sitio\/"},{"@type":"ListItem","position":2,"name":"Contacto"}]},{"@type":"WebSite","@id":"https:\/\/casafoa.com\/sitio\/#website","url":"https:\/\/casafoa.com\/sitio\/","name":"Casa FOA","description":"Espacio de Dise&ntilde;o","publisher":{"@id":"https:\/\/casafoa.com\/sitio\/#organization"},"potentialAction":[{"@type":"SearchAction","target":{"@type":"EntryPoint","urlTemplate":"https:\/\/casafoa.com\/sitio\/?s={search_term_string}"},"query-input":"required name=search_term_string"}],"inLanguage":"en"},{"@type":"Organization","@id":"https:\/\/casafoa.com\/sitio\/#organization","name":"Casa FOA","url":"https:\/\/casafoa.com\/sitio\/","logo":{"@type":"ImageObject","inLanguage":"en","@id":"https:\/\/casafoa.com\/sitio\/#\/schema\/logo\/image\/","url":"https:\/\/casafoa.com\/sitio\/wp-content\/uploads\/2021\/01\/casafoa_logo_cms.svg","contentUrl":"https:\/\/casafoa.com\/sitio\/wp-content\/uploads\/2021\/01\/casafoa_logo_cms.svg","width":320,"height":287,"caption":"Casa FOA"},"image":{"@id":"https:\/\/casafoa.com\/sitio\/#\/schema\/logo\/image\/"},"sameAs":["https:\/\/www.facebook.com\/casafoa","https:\/\/www.instagram.com\/casafoa\/","https:\/\/www.youtube.com\/user\/casafoatv"]}]}},"_links":{"self":[{"href":"https:\/\/casafoa.com\/sitio\/wp-json\/wp\/v2\/pages\/9248"}],"collection":[{"href":"https:\/\/casafoa.com\/sitio\/wp-json\/wp\/v2\/pages"}],"about":[{"href":"https:\/\/casafoa.com\/sitio\/wp-json\/wp\/v2\/types\/page"}],"author":[{"embeddable":true,"href":"https:\/\/casafoa.com\/sitio\/wp-json\/wp\/v2\/users\/6"}],"replies":[{"embeddable":true,"href":"https:\/\/casafoa.com\/sitio\/wp-json\/wp\/v2\/comments?post=9248"}],"version-history":[{"count":14,"href":"https:\/\/casafoa.com\/sitio\/wp-json\/wp\/v2\/pages\/9248\/revisions"}],"predecessor-version":[{"id":9306,"href":"https:\/\/casafoa.com\/sitio\/wp-json\/wp\/v2\/pages\/9248\/revisions\/9306"}],"wp:attachment":[{"href":"https:\/\/casafoa.com\/sitio\/wp-json\/wp\/v2\/media?parent=9248"}],"curies":[{"name":"wp","href":"https:\/\/api.w.org\/{rel}","templated":true}]}}